{"id":7794,"date":"2023-09-29T10:55:47","date_gmt":"2023-09-29T10:55:47","guid":{"rendered":"https:\/\/staging.cererols.com\/?page_id=7794"},"modified":"2024-03-06T11:55:23","modified_gmt":"2024-03-06T11:55:23","slug":"politica-de-privacidad-2","status":"publish","type":"page","link":"https:\/\/staging.cererols.com\/ca\/politica-de-privacidad-2\/","title":{"rendered":"Pol\u00edtica de Privadesa"},"content":{"rendered":"<div data-elementor-type=\"wp-page\" data-elementor-id=\"7794\" class=\"elementor elementor-7794\">\n\t\t\t\t\t\t<section class=\"elementor-section elementor-top-section elementor-element elementor-element-8085551 elementor-section-boxed elementor-section-height-default elementor-section-height-default\" data-id=\"8085551\" data-element_type=\"section\">\n\t\t\t\t\t\t<div class=\"elementor-container elementor-column-gap-default\">\n\t\t\t\t\t<div class=\"elementor-column elementor-col-100 elementor-top-column elementor-element elementor-element-b922379\" data-id=\"b922379\" data-element_type=\"column\">\n\t\t\t<div class=\"elementor-widget-wrap elementor-element-populated\">\n\t\t\t\t\t\t<div class=\"elementor-element elementor-element-2af373c elementor-widget elementor-widget-text-editor\" data-id=\"2af373c\" data-element_type=\"widget\" data-widget_type=\"text-editor.default\">\n\t\t\t\t<div class=\"elementor-widget-container\">\n\t\t\t<style>\/*! elementor - v3.21.0 - 22-05-2024 *\/\n.elementor-widget-text-editor.elementor-drop-cap-view-stacked .elementor-drop-cap{background-color:#69727d;color:#fff}.elementor-widget-text-editor.elementor-drop-cap-view-framed .elementor-drop-cap{color:#69727d;border:3px solid;background-color:transparent}.elementor-widget-text-editor:not(.elementor-drop-cap-view-default) .elementor-drop-cap{margin-top:8px}.elementor-widget-text-editor:not(.elementor-drop-cap-view-default) .elementor-drop-cap-letter{width:1em;height:1em}.elementor-widget-text-editor .elementor-drop-cap{float:left;text-align:center;line-height:1;font-size:50px}.elementor-widget-text-editor .elementor-drop-cap-letter{display:inline-block}<\/style>\t\t\t\t<p><u>POL\u00cdTICA DE PRIVACITAT<\/u><\/p><p>Per mitj\u00e0 d&#039;aquest lloc web, es recullen dades de car\u00e0cter personal necess\u00e0ries per a la gesti\u00f3 i el manteniment d&#039;alguns dels nostres serveis.<\/p><p>Us informem que el titular del lloc web (responsable del tractament) compleix amb la Llei Org\u00e0nica 3\/2018, de 5 de desembre, de Protecci\u00f3 de Dades de Car\u00e0cter Personal i garantia dels drets digitals (d&#039;ara endavant, LOPDGDD), el Reglament UE 2016\/679, General de Protecci\u00f3 de Dades (d&#039;ara endavant, RGPD) i la resta de normativa vigent i d&#039;aplicaci\u00f3 a cada moment, vetllant per garantir un correcte \u00fas i tractament de les dades personals de l&#039;usuari.<\/p><p>De conformitat amb l&#039;article 13 del RGPD i 11 de la LOPDGDD, aquesta Pol\u00edtica de Privadesa s&#039;aplica als tractaments de dades de car\u00e0cter personal que CONSTRUCCIONS CEREROLS, SL realitza com a responsable del tractament, en relaci\u00f3 amb les dades que els usuaris i\/o clients (persones f\u00edsiques) faciliten com a conseq\u00fc\u00e8ncia de la sol\u00b7licitud d&#039;informaci\u00f3 i\/o contractaci\u00f3 dels serveis i\/o productes que presta i comercialitza a trav\u00e9s d&#039;aquesta p\u00e0gina web, o demanats a qualsevol de les seccions de la p\u00e0gina.<\/p><p><strong>Identitat del responsable del tractament de les vostres dades personals<\/strong><\/p><ul><li><strong>Responsable del tractament<\/strong>: CONSTRUCCIONS CEREROLS, SL<\/li><li><strong>Domicili<\/strong>: Passeig Santa Eug\u00e8ncia 1 Local 3, 08290, Cerdanyola del Vall\u00e8s (Barcelona)<\/li><li><strong>NIF<\/strong>: B-58828369<\/li><li><strong>Email<\/strong>: <a href=\"mailto:info@cererols.com\">info@cererols.com<\/a><\/li><\/ul><p><strong>FINALITATS DEL TRACTAMENT DE LES SEVES DADES PERSONALS<\/strong><\/p><p>Les vostres dades personals s&#039;utilitzaran amb la finalitat gen\u00e8rica de gesti\u00f3 i control de la relaci\u00f3 comercial establerta entre l&#039;usuari i el responsable del tractament, i espec\u00edficament per a:<\/p><ul><li>Gestionar l&#039;acc\u00e9s complet i la utilitzaci\u00f3 correcta dels serveis i productes per part dels usuaris.<\/li><li>Per comunicar-se amb els usuaris en resposta a incid\u00e8ncies, sol\u00b7licituds, comentaris i preguntes que ens faci a trav\u00e9s dels serveis i\/o productes, aix\u00ed com als formularis de contacte de la nostra p\u00e0gina web (inclosos correus electr\u00f2nics i\/o les trucades telef\u00f2niques) .<\/li><li>Per proporcionar, actualitzar, mantenir i protegir els serveis i\/o productes i activitats.<\/li><li>Per oferir nous serveis i\/o productes, ofertes especials o actualitzacions.<\/li><li>Si escau, gestionar processos de selecci\u00f3 de personal en processos selectius de treballadors i\/o col\u00b7laboradors.<\/li><li>Comunicacions: Podrem enviar-vos correus electr\u00f2nics, missatges i altres tipus de comunicaci\u00f3 en refer\u00e8ncia als serveis i\/o productes, q\u00fcestions t\u00e8cniques i canvis en aquests. Aquestes comunicacions es consideren part dels serveis i\/o productes i no hi pot renunciar.<\/li><li>Si escau, comunicacions comercials (m\u00e0rqueting): Podrem utilitzar les vostres dades personals per contactar-vos, tant per via electr\u00f2nica com no electr\u00f2nica, per realitzar enquestes, obtenir la vostra opini\u00f3 sobre el servei prestat, i, ocasionalment, per notificar-vos canvis, desenvolupaments importants dels serveis i\/o productes, ofertes i\/o promocions dels nostres serveis i\/o productes o de terceres empreses relacionades amb nosaltres. Aquestes ofertes comercials seran, en tot cas, autoritzades de forma expressa i separada per l&#039;usuari que, pot revocar en qualsevol moment el seu consentiment a rebre aquestes notificacions utilitzant el mecanisme implementat a aquest efecte, o b\u00e9, des de les prefer\u00e8ncies del compte de client.<\/li><\/ul><p>No tractarem les vostres dades personals per a cap altra finalitat m\u00e9s enll\u00e0 de les descrites anteriorment, llevat que vingui imposat per llei o hi hagi algun requeriment judicial i\/o administratiu que impliqui un tractament de dades amb finalitats diferents de les exposades.<\/p><p><strong>TERMINI DE CONSERVACI\u00d3<\/strong><\/p><p>Les dades personals proporcionades es conservaran i es tractaran mentre es mantingui la relaci\u00f3 de prestaci\u00f3 de serveis i\/o productes, sense perjudici de la possibilitat d&#039;exercitar els seus drets en mat\u00e8ria de protecci\u00f3 de dades (acc\u00e9s, rectificaci\u00f3, supressi\u00f3, oposici\u00f3, limitaci\u00f3, portabilitat ja no ser objecte de decisions individuals automatitzades).<\/p><p>Les dades personals de les persones interessades en la recepci\u00f3 d&#039;informaci\u00f3 sobre els serveis i\/o productes es mantindran al sistema de forma indefinida mentre l&#039;interessat no sol\u00b7licite la supressi\u00f3.<\/p><p><strong>LEGITIMACI\u00d3 DEL TRACTAMENT<\/strong><\/p><p>CONSTRUCCIONS CEREROLS, SL tracta les seves dades personals d&#039;acord amb les dues bases legals seg\u00fcents: <strong>Consentiment de l&#039;interessat<\/strong>(1) <strong>l&#039;execuci\u00f3 d&#039;un contracte o mesures precontractuals<\/strong>(2) i<strong>l&#039;inter\u00e8s leg\u00edtim<\/strong>(3).<\/p><ol><li><strong> El consentiment de linteressat<\/strong> prestat per a les finalitats anteriorment descrites, que se sol\u00b7licitar\u00e0:<\/li><\/ol><ul><li>Abans de procedir a tractar les vostres dades,<\/li><li>En el proc\u00e9s de registre com a client o,<\/li><li>A l&#039;hora d&#039;enviar comunicacions de CONSTRUCCIONS CEREROLS, SL<\/li><\/ul><p>Les sol\u00b7licituds d&#039;informaci\u00f3 que ens faci arribar requereixen que l&#039;interessat ens faciliti de forma volunt\u00e0ria les dades necess\u00e0ries per poder atendre-us o prestar-li els serveis i\/o productes. No obstant aix\u00f2, l&#039;interessat pot negar-se lliurement a facilitar-nos aquestes dades o, posteriorment, revocar el consentiment pr\u00e8viament atorgat per tractar les seves dades, si b\u00e9 aquesta negativa implicar\u00e0 la impossibilitat que puguem atendre la seva petici\u00f3.<\/p><p><strong>2.<\/strong>El tractament de dades per part de CONSTRUCCIONS CEREROLS, SL \u00e9s necessari per a la<strong>execuci\u00f3 d&#039;un contracte<\/strong>en qu\u00e8 l&#039;interessat \u00e9s part o per a l&#039;aplicaci\u00f3 a petici\u00f3 d&#039;aquest de mesures precontractuals. Aquesta base jur\u00eddica \u00e9s aplicable si l&#039;usuari adquireix productes o contracta serveis a trav\u00e9s del nostre lloc web.\u00a0<\/p><ol start=\"3\"><li><strong>L&#039;inter\u00e8s leg\u00edtim<\/strong> de CONSTRUCCIONS CEREROLS, SL a mantenir i fidelitzar els seus clients i\/o usuaris i atendre millor les seves expectatives o interessos pr\u00e8viament manifestats, per exemple: millorar els productes i\/o serveis oferts, gestionar sol\u00b7licituds, consultes o reclamacions, oferir productes similars als contractats, informar sobre promocions i descomptes vigents, entre d&#039;altres. Tot all\u00f2 indicat anteriorment s&#039;entendr\u00e0 sense perjudici del compliment per part de CONSTRUCCIONS CEREROLS, SL de la resta d&#039;obligacions relatives a l&#039;enviament de comunicacions comercials per via electr\u00f2nica.<\/li><\/ol><p>CONSTRUCCIONS CEREROLS, SL ent\u00e9n que, en facilitar-nos les vostres dades personals, l&#039;interessat garanteix i es fa responsable de la veracitat, actualitat i exactitud dels mateixos, i que accepta i consent expressament en el seu tractament per a les finalitats abans descrites.<\/p><p><strong>CURR\u00cdCULUMS<\/strong>\u00a0<\/p><p><strong>Finalitat:<\/strong> CONSTRUCCIONS CEREROLS, SL posa a disposici\u00f3 dels interessats un formulari de contacte\/adre\u00e7a de correu electr\u00f2nic\/plataforma online on podran enviar els seus curr\u00edculums amb la finalitat de fer part\u00edcip a l&#039;interessat en els processos de selecci\u00f3 de personal i amb aix\u00f2 analitzar el perfil del sol\u00b7licitant amb l&#039;objectiu de seleccionar un candidat\/s per al lloc o llocs vacants del responsable. Es procedir\u00e0 a la supressi\u00f3 dels curr\u00edculums que siguin rebuts per aquestes vies en cas que no hi hagi cap oferta vacant o tampoc hi hagi cap proc\u00e9s de selecci\u00f3 actiu informant-se de la circumst\u00e0ncia a l&#039;interessat. Si rebut un curr\u00edculum encara que no hi hagu\u00e9s cap proc\u00e9s de selecci\u00f3 actiu i, CONSTRUCCIONS CEREROLS, SL, si un cop rebut i llegit aquest curr\u00edculum tingu\u00e9s la intenci\u00f3 de conservar-lo per mostrar inter\u00e8s en el perfil del candidat, s&#039;informar\u00e0 d&#039;aquesta circumst\u00e0ncia al mateix. , respectant-se, en qualsevol cas, els terminis de conservaci\u00f3 definits en aquest apartat. Tamb\u00e9 podran ser incorporats aquests a la base de dades de RR. HH.\u00a0<\/p><p><strong>Legitimaci\u00f3:<\/strong>La base jur\u00eddica per al tractament de les dades personals contingudes als curr\u00edculums es basa en l&#039;execuci\u00f3 d&#039;un contracte en qu\u00e8 l&#039;interessat \u00e9s part o per a l&#039;aplicaci\u00f3 a petici\u00f3 d&#039;aquest de mesures precontractuals (article 6.1.b RGPD) o pel consentiment de l&#039;interessat (article 6.1.a RGPD)\u00a0<\/p><p><strong>Durada i conservaci\u00f3:<\/strong>Les dades seran conservades a la base de dades de RR. HH mentre duri el proc\u00e9s de selecci\u00f3 i, en tot cas, per un termini m\u00e0xim de 6 mesos\u00a0<\/p><p><strong>Cessions i\/o transfer\u00e8ncies internacionals de dades<\/strong>: Se cediran dades a tercers que tinguin acc\u00e9s a dades personals que tracti el responsable del tractament per al compliment de les obligacions legals aplicables al responsable (autoritats p\u00fabliques) i\/o contractuals (col\u00b7laboradors amb qu\u00e8 s&#039;han subscrit els corresponents contractes d&#039;encarregat de tractament). En cap cas es procediran transfer\u00e8ncies internacionals de dades a excepci\u00f3 dels sup\u00f2sits contemplats a l&#039;apartat de transfer\u00e8ncies internacionals de la present Pol\u00edtica de Privadesa.\u00a0<\/p><p><strong>Drets<\/strong>: Els candidats podran exercir els drets d&#039;acc\u00e9s, rectificaci\u00f3, supressi\u00f3, oposici\u00f3, limitaci\u00f3 i portabilitat respecte de les seves dades personals en la manera que estableix aquesta Pol\u00edtica de Privadesa.\u00a0<\/p><p><strong>DESTINATARIS DE CESSIONS O TRANSFER\u00c8NCIES INTERNACIONALS<\/strong>.<\/p><p>Amb car\u00e0cter general, CONSTRUCCIONS CEREROLS, SL no cedir\u00e0 les vostres dades personals a tercers llevat que hi estiguem obligats legalment o vost\u00e8 ens ho hagi autoritzat expressament en fer \u00fas dels nostres serveis i\/o productes.<\/p><p>CONSTRUCCIONS CEREROLS, SL no realitzar\u00e0 transfer\u00e8ncies internacionals de les dades personals demanades a trav\u00e9s d&#039;aquest lloc web, a excepci\u00f3 dels sup\u00f2sits seg\u00fcents:\u00a0<\/p><ul><li>Que la transfer\u00e8ncia internacional de dades sigui necess\u00e0ria per a lexecuci\u00f3 dun contracte o mesures precontractuals en qu\u00e8 linteressat sigui part.<\/li><li>Que la transfer\u00e8ncia internacional de dades sigui necess\u00e0ria per aplicaci\u00f3 de la legislaci\u00f3 vigent.<\/li><li>Que la transfer\u00e8ncia internacional de dades tingui lloc per mitj\u00e0 de consentiment expr\u00e9s de linteressat.<\/li><li>Que la transfer\u00e8ncia internacional de dades tingui lloc per trobar-se allotjada la p\u00e0gina web a servidors ubicats fora de l&#039;Espai Econ\u00f2mic Europeu.<\/li><\/ul><p>En tot cas, en els sup\u00f2sits en qu\u00e8 es puguin produir transfer\u00e8ncies internacionals de dades, CONSTRUCCIONS CEREROLS, SL comprovar\u00e0 que el pa\u00eds importador de dades garanteixi un nivell adequat de protecci\u00f3 en aplicaci\u00f3 de la normativa vigent.\u00a0<\/p><p><strong>\u00a0<\/strong><strong>DRETS DE LES PERSONES INTERESSADES<\/strong>.<\/p><p>La normativa de protecci\u00f3 de dades permet que puguis exercir davant del responsable del tractament els teus drets d&#039;acc\u00e9s, rectificaci\u00f3, oposici\u00f3, supressi\u00f3 (dret a l&#039;oblit), limitaci\u00f3 del tractament, portabilitat i de no ser objecte de decisions individualitzades. A continuaci\u00f3, us expliquem en qu\u00e8 consisteixen aquests drets:<\/p><ul><li><strong>Dret d&#039;acc\u00e9s:<\/strong> Permet a l&#039;interessat con\u00e8ixer i obtenir informaci\u00f3 sobre les dades de car\u00e0cter personal sotmeses a tractament.<\/li><li><strong>Dret de rectificaci\u00f3:<\/strong> Permet corregir errors, modificar les dades que siguin inexactes o incompletes i garantir la certesa de les seves dades personals.<\/li><li><strong>Dret de supressi\u00f3:<\/strong> Permet sol\u00b7licitar l&#039;eliminaci\u00f3 de les vostres dades personals quan ja no siguin necess\u00e0ries per a l&#039;execuci\u00f3 o prestaci\u00f3 del servei.<\/li><li><strong>Dret d&#039;oposici\u00f3:<\/strong> Permet a l&#039;interessat que no es dugui a terme el tractament de les seves dades de car\u00e0cter personal o el seu cessament, excepte motius leg\u00edtims o per a l&#039;exercici o defensa de possibles reclamacions, cas en qu\u00e8 els mantindrem bloquejats durant el termini corresponent.<\/li><li><strong>Dret d&#039;oposici\u00f3 a l&#039;enviament de publicitat:<\/strong> Els interessats es poden oposar a l&#039;enviament de comunicacions comercials. En aquest cas podeu revocar en qualsevol moment el vostre consentiment a rebre aquestes notificacions.<\/li><li><strong>Limitaci\u00f3 del tractament:<\/strong> En determinades circumst\u00e0ncies, els interessats podran sol\u00b7licitar la limitaci\u00f3 del tractament de les seves dades, cas en qu\u00e8 \u00fanicament es conservaran per a l&#039;exercici o defensa de reclamacions.<\/li><li><strong>Portabilitat de les dades:<\/strong> Les persones interessades poden sol\u00b7licitar rebre les dades que li incumbeixin i que ens hagi facilitat o que \u2013sempre que t\u00e8cnicament sigui possible\u2013 els enviem a un altre responsable de tractament de la seva elecci\u00f3, en un format estructurat d&#039;\u00fas com\u00fa i lectura mec\u00e0nica.<\/li><li><strong>Dret a no ser objecte de decisions individuals automatitzades (inclosa l&#039;elaboraci\u00f3 de perfils):<\/strong> Les persones interessades tenen dret a no \u00e9sser objecte d&#039;una decisi\u00f3 basada en el tractament automatitzat que produeixi efectes jur\u00eddics o afecti significativament l&#039;interessat.<\/li><li><strong>Possibilitat de retirar el consentiment:<\/strong> L&#039;interessat t\u00e9 dret a retirar en qualsevol moment el consentiment prestat, sense que aix\u00f2 afecti la licitud del tractament basat en el consentiment prestat en el moment de facilitar-nos les dades.<\/li><\/ul><p>Si voleu exercir algun dels drets exposats, preguem que es posi en contacte amb nosaltres a trav\u00e9s de les dades de contacte que apareixen a \u201cIdentificaci\u00f3 del responsable del tractament de les dades personals\u201d, en qu\u00e8 inclogui la informaci\u00f3 seg\u00fcent: Nom i cognoms , n\u00famero de DNI, adre\u00e7a postal i\/o electr\u00f2nica de contacte, indicant el tipus de dret i especificant-ne les condicions. \u00c9s possible que us demanem informaci\u00f3 addicional amb la finalitat de verificar la vostra identitat.<\/p><p><strong>Possibilitat de reclamar davant l&#039;Autoritat de Control:<\/strong> CONSTRUCCIONS CEREROLS, SL us informa igualment del dret que us assisteix de presentar una reclamaci\u00f3 davant l&#039;Ag\u00e8ncia Espanyola de Protecci\u00f3 de Dades (www.agpd.es) si considera que el tractament no s&#039;ajusta a la normativa vigent.<\/p><p><strong>INFORMACI\u00d3 ADDICIONAL<\/strong><\/p><p><strong>Menors<\/strong><\/p><p>CONSTRUCCIONS CEREROLS, SL recomana l\u00b4\u00fas d\u00b4aquesta p\u00e0gina web a majors de 18 anys. Si hi accedeixen menors de 14 anys, caldr\u00e0 el consentiment dels pares, tutors o representants legals del menor per poder realitzar-se el tractament de les seves dades personals. Els pares, tutors o representants legals del menor seran els \u00fanics responsables en relaci\u00f3 amb els continguts als quals el menor poguessin tenir acc\u00e9s en visitar la nostra p\u00e0gina web.<\/p><p><strong>Xarxes socials<\/strong><\/p><p>\u00c9s possible que CONSTRUCCIONS CEREROLS, SL disposi de perfils a les diferents xarxes socials. Tamb\u00e9 \u00e9s possible que l&#039;usuari pugui accedir als espais privats que poguessin existir en aquesta p\u00e0gina web a trav\u00e9s dels seus comptes a les xarxes socials, en lloc d&#039;accedir amb un usuari i contrasenya. En aquests sup\u00f2sits, informa als usuaris que proporcionin les seves dades personals amb la informaci\u00f3 disponible a trav\u00e9s del seu compte i\/o perfil d&#039;usuari a les xarxes socials, que \u00e9s la responsable del tractament dels tractaments de dades que es realitzin, llevat que s&#039;informi expressament d&#039;altres condicions en un tractament concret.<\/p><p><strong>Conservaci\u00f3 de determinades dades<\/strong><\/p><p>CONSTRUCCIONS CEREROLS, SL informa que, en compliment de les disposicions de la Llei 25\/2007, de 18 d&#039;octubre, de conservaci\u00f3 de dades relatives a les comunicacions electr\u00f2niques ia les xarxes p\u00fabliques de comunicacions, haur\u00e0 de retenir i conservar determinades dades de tr\u00e0nsit generades durant el desenvolupament de les comunicacions amb la finalitat de cedir-los a les autoritats legitimades, quan hi concorrin les circumst\u00e0ncies legals previstes.<\/p><p><strong>Dades registrades<\/strong><\/p><p>Els nostres servidors recopilen informaci\u00f3 autom\u00e0ticament quan l&#039;usuari utilitza els serveis de les webs. Aquestes dades de registre poden incloure l&#039;adre\u00e7a IP, la identificaci\u00f3 del dispositiu des del qual s&#039;accedeix als productes, el sistema operatiu i la configuraci\u00f3 del dispositiu, entre d&#039;altres.<\/p><p><strong>Mesures de seguretat<\/strong><\/p><p>A m\u00e9s, se us informa que el titular del lloc web (responsable del tractament) t\u00e9 implantades les mesures de seguretat d&#039;\u00edndole t\u00e8cnica i organitzatives necess\u00e0ries per garantir la seguretat de les vostres dades de car\u00e0cter personal i evitar la seva alteraci\u00f3, p\u00e8rdua i tractament i\/o acc\u00e9s no autoritzat, tenint en compte l&#039;estat de la tecnologia, la naturalesa de les dades emmagatzemades i els riscos a qu\u00e8 estan exposats, ja provinguin de l&#039;acci\u00f3 humana o del medi f\u00edsic o natural. Aix\u00ed mateix, s&#039;han establert mesures addicionals amb vista a refor\u00e7ar la confidencialitat i integritat de la informaci\u00f3 a la seva organitzaci\u00f3, mantenint cont\u00ednuament la supervisi\u00f3, control i avaluaci\u00f3 dels processos per assegurar el respecte a la privadesa de les dades.<\/p><p><strong>Cookies<\/strong><\/p><p>La nostra p\u00e0gina web utilitza cookies pr\u00f2pies i de tercers. Podr\u00e0s trobar tota la informaci\u00f3 detallada relativa a les galetes a la nostra Pol\u00edtica de galetes.<\/p><p>\u00a0<\/p>\t\t\t\t\t\t<\/div>\n\t\t\t\t<\/div>\n\t\t\t\t\t<\/div>\n\t\t<\/div>\n\t\t\t\t\t<\/div>\n\t\t<\/section>\n\t\t\t\t<\/div>","protected":false},"excerpt":{"rendered":"<p>POL\u00cdTICA DE PRIVACITAT Per mitj\u00e0 d&#039;aquest lloc web, es recullen dades de car\u00e0cter personal necess\u00e0ries per a la gesti\u00f3 i el manteniment d&#039;alguns dels nostres serveis. Us informem que el titular del lloc web (responsable del tractament) compleix amb la Llei Org\u00e0nica 3\/2018, de 5 de desembre, de Protecci\u00f3 de Dades de Car\u00e0cter Personal i [\u2026]<\/p>","protected":false},"author":1,"featured_media":0,"parent":0,"menu_order":0,"comment_status":"closed","ping_status":"closed","template":"","meta":{"inline_featured_image":false,"footnotes":""},"class_list":["post-7794","page","type-page","status-publish","hentry"],"acf":[],"_links":{"self":[{"href":"https:\/\/staging.cererols.com\/ca\/wp-json\/wp\/v2\/pages\/7794","targetHints":{"allow":["GET"]}}],"collection":[{"href":"https:\/\/staging.cererols.com\/ca\/wp-json\/wp\/v2\/pages"}],"about":[{"href":"https:\/\/staging.cererols.com\/ca\/wp-json\/wp\/v2\/types\/page"}],"author":[{"embeddable":true,"href":"https:\/\/staging.cererols.com\/ca\/wp-json\/wp\/v2\/users\/1"}],"replies":[{"embeddable":true,"href":"https:\/\/staging.cererols.com\/ca\/wp-json\/wp\/v2\/comments?post=7794"}],"version-history":[{"count":10,"href":"https:\/\/staging.cererols.com\/ca\/wp-json\/wp\/v2\/pages\/7794\/revisions"}],"predecessor-version":[{"id":8605,"href":"https:\/\/staging.cererols.com\/ca\/wp-json\/wp\/v2\/pages\/7794\/revisions\/8605"}],"wp:attachment":[{"href":"https:\/\/staging.cererols.com\/ca\/wp-json\/wp\/v2\/media?parent=7794"}],"curies":[{"name":"wp","href":"https:\/\/api.w.org\/{rel}","templated":true}]}}