{"id":7225,"date":"2023-06-28T11:41:15","date_gmt":"2023-06-28T11:41:15","guid":{"rendered":"https:\/\/staging.cererols.com\/?page_id=7225"},"modified":"2024-02-29T10:21:25","modified_gmt":"2024-02-29T10:21:25","slug":"politica-de-privacidad","status":"publish","type":"page","link":"https:\/\/staging.cererols.com\/ca\/politica-de-privacidad\/","title":{"rendered":"Pol\u00edtica de Privadesa"},"content":{"rendered":"<div data-elementor-type=\"wp-page\" data-elementor-id=\"7225\" class=\"elementor elementor-7225\">\n\t\t\t\t\t\t<section class=\"elementor-section elementor-top-section elementor-element elementor-element-2ccfc68 elementor-section-boxed elementor-section-height-default elementor-section-height-default\" data-id=\"2ccfc68\" data-element_type=\"section\">\n\t\t\t\t\t\t<div class=\"elementor-container elementor-column-gap-default\">\n\t\t\t\t\t<div class=\"elementor-column elementor-col-100 elementor-top-column elementor-element elementor-element-f8f10db\" data-id=\"f8f10db\" data-element_type=\"column\">\n\t\t\t<div class=\"elementor-widget-wrap elementor-element-populated\">\n\t\t\t\t\t\t<div class=\"elementor-element elementor-element-79b3deb elementor-widget elementor-widget-text-editor\" data-id=\"79b3deb\" data-element_type=\"widget\" data-widget_type=\"text-editor.default\">\n\t\t\t\t<div class=\"elementor-widget-container\">\n\t\t\t<style>\/*! elementor - v3.21.0 - 22-05-2024 *\/\n.elementor-widget-text-editor.elementor-drop-cap-view-stacked .elementor-drop-cap{background-color:#69727d;color:#fff}.elementor-widget-text-editor.elementor-drop-cap-view-framed .elementor-drop-cap{color:#69727d;border:3px solid;background-color:transparent}.elementor-widget-text-editor:not(.elementor-drop-cap-view-default) .elementor-drop-cap{margin-top:8px}.elementor-widget-text-editor:not(.elementor-drop-cap-view-default) .elementor-drop-cap-letter{width:1em;height:1em}.elementor-widget-text-editor .elementor-drop-cap{float:left;text-align:center;line-height:1;font-size:50px}.elementor-widget-text-editor .elementor-drop-cap-letter{display:inline-block}<\/style>\t\t\t\t<p>A <strong>Construccions Cererols SL<\/strong>, ens comprometem a protegir i respectar la teva privadesa. Aquesta Pol\u00edtica de Privadesa descriu com recopilem, utilitzem i protegim la informaci\u00f3 personal que puguis proporcionar-nos a trav\u00e9s del nostre lloc web. En accedir i utilitzar aquest lloc web, acceptes les pr\u00e0ctiques descrites en aquesta pol\u00edtica.<\/p>\t\t\t\t\t\t<\/div>\n\t\t\t\t<\/div>\n\t\t\t\t<div class=\"elementor-element elementor-element-abe95fc elementor-widget elementor-widget-heading\" data-id=\"abe95fc\" data-element_type=\"widget\" data-widget_type=\"heading.default\">\n\t\t\t\t<div class=\"elementor-widget-container\">\n\t\t\t<style>\/*! elementor - v3.21.0 - 22-05-2024 *\/\n.elementor-heading-title{padding:0;margin:0;line-height:1}.elementor-widget-heading .elementor-heading-title[class*=elementor-size-]>a{color:inherit;font-size:inherit;line-height:inherit}.elementor-widget-heading .elementor-heading-title.elementor-size-small{font-size:15px}.elementor-widget-heading .elementor-heading-title.elementor-size-medium{font-size:19px}.elementor-widget-heading .elementor-heading-title.elementor-size-large{font-size:29px}.elementor-widget-heading .elementor-heading-title.elementor-size-xl{font-size:39px}.elementor-widget-heading .elementor-heading-title.elementor-size-xxl{font-size:59px}<\/style><h2 class=\"elementor-heading-title elementor-size-default\">Informaci\u00f3 recopilada<\/h2>\t\t<\/div>\n\t\t\t\t<\/div>\n\t\t\t\t<div class=\"elementor-element elementor-element-bda1b07 elementor-widget elementor-widget-text-editor\" data-id=\"bda1b07\" data-element_type=\"widget\" data-widget_type=\"text-editor.default\">\n\t\t\t\t<div class=\"elementor-widget-container\">\n\t\t\t\t\t\t\t<p>Recopilem informaci\u00f3 personal, com ara la teva adre\u00e7a de correu electr\u00f2nic, nom i n\u00famero de tel\u00e8fon, quan ens contactes a trav\u00e9s del nostre lloc web. Aquesta informaci\u00f3 es recopila amb el vostre consentiment i s&#039;utilitza \u00fanicament per respondre a les vostres consultes i proporcionar-vos els serveis sol\u00b7licitats.<\/p>\t\t\t\t\t\t<\/div>\n\t\t\t\t<\/div>\n\t\t\t\t<div class=\"elementor-element elementor-element-5c729a0 elementor-widget elementor-widget-heading\" data-id=\"5c729a0\" data-element_type=\"widget\" data-widget_type=\"heading.default\">\n\t\t\t\t<div class=\"elementor-widget-container\">\n\t\t\t<h2 class=\"elementor-heading-title elementor-size-default\">\u00das de la informaci\u00f3<\/h2>\t\t<\/div>\n\t\t\t\t<\/div>\n\t\t\t\t<div class=\"elementor-element elementor-element-b5ab12b elementor-widget elementor-widget-text-editor\" data-id=\"b5ab12b\" data-element_type=\"widget\" data-widget_type=\"text-editor.default\">\n\t\t\t\t<div class=\"elementor-widget-container\">\n\t\t\t\t\t\t\t<p>Utilitzem la informaci\u00f3 personal recopilada per comunicar-nos amb tu, respondre a les teves consultes i oferir informaci\u00f3 rellevant sobre els nostres productes i serveis. No compartirem la teva informaci\u00f3 personal amb tercers sense el teu consentiment, excepte quan sigui necessari per complir les nostres obligacions legals o per protegir els nostres drets.<\/p>\t\t\t\t\t\t<\/div>\n\t\t\t\t<\/div>\n\t\t\t\t<div class=\"elementor-element elementor-element-4454d0a elementor-widget elementor-widget-heading\" data-id=\"4454d0a\" data-element_type=\"widget\" data-widget_type=\"heading.default\">\n\t\t\t\t<div class=\"elementor-widget-container\">\n\t\t\t<h2 class=\"elementor-heading-title elementor-size-default\">Galetes i tecnologies de seguiment<\/h2>\t\t<\/div>\n\t\t\t\t<\/div>\n\t\t\t\t<div class=\"elementor-element elementor-element-d82c579 elementor-widget elementor-widget-text-editor\" data-id=\"d82c579\" data-element_type=\"widget\" data-widget_type=\"text-editor.default\">\n\t\t\t\t<div class=\"elementor-widget-container\">\n\t\t\t\t\t\t\t<p>Utilitzem cookies i tecnologies similars per millorar la teva experi\u00e8ncia al nostre lloc web. Aquestes tecnologies ens permeten recopilar informaci\u00f3, com ara la teva adre\u00e7a IP, tipus de navegador, p\u00e0gines visitades i temps de navegaci\u00f3. Aquesta informaci\u00f3 s&#039;utilitza de manera agregada i an\u00f2nima per analitzar tend\u00e8ncies, administrar el lloc web i recopilar dades demogr\u00e0fiques. Podeu ajustar la configuraci\u00f3 del vostre navegador per rebutjar les cookies, encara que aix\u00f2 pot afectar el funcionament de certes caracter\u00edstiques del lloc.<\/p>\t\t\t\t\t\t<\/div>\n\t\t\t\t<\/div>\n\t\t\t\t<div class=\"elementor-element elementor-element-fb56753 elementor-widget elementor-widget-heading\" data-id=\"fb56753\" data-element_type=\"widget\" data-widget_type=\"heading.default\">\n\t\t\t\t<div class=\"elementor-widget-container\">\n\t\t\t<h2 class=\"elementor-heading-title elementor-size-default\">Seguretat de la informaci\u00f3<\/h2>\t\t<\/div>\n\t\t\t\t<\/div>\n\t\t\t\t<div class=\"elementor-element elementor-element-e82075a elementor-widget elementor-widget-text-editor\" data-id=\"e82075a\" data-element_type=\"widget\" data-widget_type=\"text-editor.default\">\n\t\t\t\t<div class=\"elementor-widget-container\">\n\t\t\t\t\t\t\t<p>Implementem mesures de seguretat t\u00e8cniques i organitzatives adequades per protegir la teva informaci\u00f3 personal contra p\u00e8rdua, \u00fas indegut o acc\u00e9s no autoritzat. No obstant aix\u00f2, heu de tenir en compte que cap transmissi\u00f3 de dades a trav\u00e9s d&#039;Internet o emmagatzematge electr\u00f2nic pot garantir la seguretat absoluta. Per tant, no podem garantir la seguretat de la informaci\u00f3 transmesa o emmagatzemada al nostre lloc web.<\/p>\t\t\t\t\t\t<\/div>\n\t\t\t\t<\/div>\n\t\t\t\t<div class=\"elementor-element elementor-element-eedbb63 elementor-widget elementor-widget-heading\" data-id=\"eedbb63\" data-element_type=\"widget\" data-widget_type=\"heading.default\">\n\t\t\t\t<div class=\"elementor-widget-container\">\n\t\t\t<h2 class=\"elementor-heading-title elementor-size-default\">Enlla\u00e7os a llocs web de tercers<\/h2>\t\t<\/div>\n\t\t\t\t<\/div>\n\t\t\t\t<div class=\"elementor-element elementor-element-ab29db7 elementor-widget elementor-widget-text-editor\" data-id=\"ab29db7\" data-element_type=\"widget\" data-widget_type=\"text-editor.default\">\n\t\t\t\t<div class=\"elementor-widget-container\">\n\t\t\t\t\t\t\t<p>El nostre lloc web pot contenir enlla\u00e7os a llocs web de tercers. Aquesta Pol\u00edtica de Privadesa s&#039;aplica \u00fanicament al nostre lloc web, per la qual cosa us recomanem que llegiu les pol\u00edtiques de privadesa d&#039;aquests llocs web de tercers. No ens fem responsables de les pr\u00e0ctiques de privadesa o el contingut d&#039;aquests llocs.<\/p>\t\t\t\t\t\t<\/div>\n\t\t\t\t<\/div>\n\t\t\t\t<div class=\"elementor-element elementor-element-472d196 elementor-widget elementor-widget-heading\" data-id=\"472d196\" data-element_type=\"widget\" data-widget_type=\"heading.default\">\n\t\t\t\t<div class=\"elementor-widget-container\">\n\t\t\t<h2 class=\"elementor-heading-title elementor-size-default\">Modificacions a la Pol\u00edtica de Privadesa<\/h2>\t\t<\/div>\n\t\t\t\t<\/div>\n\t\t\t\t<div class=\"elementor-element elementor-element-89aed2f elementor-widget elementor-widget-text-editor\" data-id=\"89aed2f\" data-element_type=\"widget\" data-widget_type=\"text-editor.default\">\n\t\t\t\t<div class=\"elementor-widget-container\">\n\t\t\t\t\t\t\t<p>Ens reservem el dret de modificar aquesta Pol\u00edtica de Privadesa en qualsevol moment. Qualsevol canvi que realitzem es publicar\u00e0 en aquesta p\u00e0gina, i l&#039;\u00fas continuat del nostre lloc web despr\u00e9s d&#039;aquests canvis es considerar\u00e0 com la teva acceptaci\u00f3. Us recomanem que reviseu peri\u00f2dicament aquesta Pol\u00edtica de Privadesa per estar informat sobre com protegim la vostra informaci\u00f3 personal.<\/p>\t\t\t\t\t\t<\/div>\n\t\t\t\t<\/div>\n\t\t\t\t<div class=\"elementor-element elementor-element-3aeca14 elementor-widget elementor-widget-heading\" data-id=\"3aeca14\" data-element_type=\"widget\" data-widget_type=\"heading.default\">\n\t\t\t\t<div class=\"elementor-widget-container\">\n\t\t\t<h2 class=\"elementor-heading-title elementor-size-default\">Contacte<\/h2>\t\t<\/div>\n\t\t\t\t<\/div>\n\t\t\t\t<div class=\"elementor-element elementor-element-07dab56 elementor-widget elementor-widget-text-editor\" data-id=\"07dab56\" data-element_type=\"widget\" data-widget_type=\"text-editor.default\">\n\t\t\t\t<div class=\"elementor-widget-container\">\n\t\t\t\t\t\t\t<p>Si tens alguna pregunta, inquietud o sol\u00b7licitud relacionada amb la nostra Pol\u00edtica de Privadesa, no dubtis en contactar-nos a trav\u00e9s de les seg\u00fcents dades:<\/p>\n<p>Construccions Cererols SL&nbsp;<\/p>\n<p>Adre\u00e7a: PASSATGE SANTA EUGENIA, LOC 3 BL 1<\/p>\n<p>Correu electr\u00f2nic: <a href=\"mailto:info@staging.cererols.com\" target=\"_new\">info@cererols.com<\/a>&nbsp;<\/p>\n<p>Tel\u00e8fon: 935803978<\/p>\n<p>NIF: B58828369&nbsp;<\/p>\t\t\t\t\t\t<\/div>\n\t\t\t\t<\/div>\n\t\t\t\t\t<\/div>\n\t\t<\/div>\n\t\t\t\t\t<\/div>\n\t\t<\/section>\n\t\t\t\t<\/div>","protected":false},"excerpt":{"rendered":"<p>A Construccions Cererols SL, ens comprometem a protegir i respectar la teva privadesa. Aquesta Pol\u00edtica de Privadesa descriu com recopilem, utilitzem i protegim la informaci\u00f3 personal que ens puguis proporcionar a trav\u00e9s del nostre lloc web. En accedir i utilitzar aquest lloc web, acceptes les pr\u00e0ctiques descrites en aquesta pol\u00edtica. Informaci\u00f3 recopilada Recopilem informaci\u00f3 personal, com [\u2026]<\/p>","protected":false},"author":4,"featured_media":0,"parent":0,"menu_order":0,"comment_status":"closed","ping_status":"closed","template":"","meta":{"inline_featured_image":false,"footnotes":""},"class_list":["post-7225","page","type-page","status-publish","hentry"],"acf":[],"_links":{"self":[{"href":"https:\/\/staging.cererols.com\/ca\/wp-json\/wp\/v2\/pages\/7225","targetHints":{"allow":["GET"]}}],"collection":[{"href":"https:\/\/staging.cererols.com\/ca\/wp-json\/wp\/v2\/pages"}],"about":[{"href":"https:\/\/staging.cererols.com\/ca\/wp-json\/wp\/v2\/types\/page"}],"author":[{"embeddable":true,"href":"https:\/\/staging.cererols.com\/ca\/wp-json\/wp\/v2\/users\/4"}],"replies":[{"embeddable":true,"href":"https:\/\/staging.cererols.com\/ca\/wp-json\/wp\/v2\/comments?post=7225"}],"version-history":[{"count":6,"href":"https:\/\/staging.cererols.com\/ca\/wp-json\/wp\/v2\/pages\/7225\/revisions"}],"predecessor-version":[{"id":8583,"href":"https:\/\/staging.cererols.com\/ca\/wp-json\/wp\/v2\/pages\/7225\/revisions\/8583"}],"wp:attachment":[{"href":"https:\/\/staging.cererols.com\/ca\/wp-json\/wp\/v2\/media?parent=7225"}],"curies":[{"name":"wp","href":"https:\/\/api.w.org\/{rel}","templated":true}]}}